{"id":96,"date":"2022-01-24T17:58:23","date_gmt":"2022-01-24T16:58:23","guid":{"rendered":"http:\/\/cedric-jacquot.com\/?page_id=96"},"modified":"2022-01-29T21:28:43","modified_gmt":"2022-01-29T20:28:43","slug":"faq","status":"publish","type":"page","link":"https:\/\/cedric-jacquot.com\/index.php\/faq\/","title":{"rendered":"FAQ"},"content":{"rendered":"<p>[et_pb_section fb_built=\u00a0\u00bb1&Prime; next_background_color=\u00a0\u00bb#ffffff\u00a0\u00bb admin_label=\u00a0\u00bbHero Section\u00a0\u00bb _builder_version=\u00a0\u00bb4.14.6&Prime; use_background_color_gradient=\u00a0\u00bbon\u00a0\u00bb background_color_gradient_start=\u00a0\u00bbrgba(0,0,0,0.4)\u00a0\u00bb background_color_gradient_end=\u00a0\u00bbrgba(0,0,0,0.4)\u00a0\u00bb background_color_gradient_overlays_image=\u00a0\u00bbon\u00a0\u00bb background_image=\u00a0\u00bbhttps:\/\/cedric-jacquot.com\/wp-content\/uploads\/2021\/09\/writer-05.jpg\u00a0\u00bb background_position=\u00a0\u00bbcenter_left\u00a0\u00bb custom_margin=\u00a0\u00bb||6px|||\u00a0\u00bb custom_padding=\u00a0\u00bb0.7%||3.6%|||\u00a0\u00bb bottom_divider_style=\u00a0\u00bbslant\u00a0\u00bb bottom_divider_height=\u00a0\u00bb60px\u00a0\u00bb locked=\u00a0\u00bboff\u00a0\u00bb global_colors_info=\u00a0\u00bb{}\u00a0\u00bb background_color_gradient_direction__hover=\u00a0\u00bb180deg\u00a0\u00bb background_color_gradient_direction__hover_enabled=\u00a0\u00bb180deg\u00a0\u00bb background_color_gradient_start_position__hover=\u00a0\u00bb0%\u00a0\u00bb background_color_gradient_start_position__hover_enabled=\u00a0\u00bb0%\u00a0\u00bb background_color_gradient_end_position__hover=\u00a0\u00bb100%\u00a0\u00bb background_color_gradient_end_position__hover_enabled=\u00a0\u00bb100%\u00a0\u00bb][et_pb_row custom_padding_last_edited=\u00a0\u00bbon|phone\u00a0\u00bb _builder_version=\u00a0\u00bb4.14.7&Prime; _module_preset=\u00a0\u00bbdefault\u00a0\u00bb custom_margin_tablet=\u00a0\u00bb\u00a0\u00bb custom_margin_phone=\u00a0\u00bb\u00a0\u00bb custom_margin_last_edited=\u00a0\u00bbon|phone\u00a0\u00bb custom_padding=\u00a0\u00bb54px|||||\u00a0\u00bb custom_padding_tablet=\u00a0\u00bb54px|||||\u00a0\u00bb custom_padding_phone=\u00a0\u00bb31px||49px||false|false\u00a0\u00bb global_colors_info=\u00a0\u00bb{}\u00a0\u00bb][et_pb_column type=\u00a0\u00bb4_4&Prime; _builder_version=\u00a0\u00bb4.14.6&Prime; _module_preset=\u00a0\u00bbdefault\u00a0\u00bb global_colors_info=\u00a0\u00bb{}\u00a0\u00bb][et_pb_text _builder_version=\u00a0\u00bb4.14.7&Prime; _module_preset=\u00a0\u00bbdefault\u00a0\u00bb text_font=\u00a0\u00bbMontserrat|700|||||||\u00a0\u00bb text_text_color=\u00a0\u00bb#FFFFFF\u00a0\u00bb text_font_size=\u00a0\u00bb32px\u00a0\u00bb text_orientation=\u00a0\u00bbcenter\u00a0\u00bb global_colors_info=\u00a0\u00bb{}\u00a0\u00bb]<\/p>\n<p>FAQ<\/p>\n<p>[\/et_pb_text][\/et_pb_column][\/et_pb_row][\/et_pb_section][et_pb_section fb_built=\u00a0\u00bb1&Prime; disabled_on=\u00a0\u00bboff|off|off\u00a0\u00bb admin_label=\u00a0\u00bbFeatured Project\u00a0\u00bb _builder_version=\u00a0\u00bb3.22&Prime; min_height=\u00a0\u00bb61px\u00a0\u00bb custom_margin=\u00a0\u00bb6px||0px|||\u00a0\u00bb custom_padding=\u00a0\u00bb0px||8px|||\u00a0\u00bb locked=\u00a0\u00bboff\u00a0\u00bb global_colors_info=\u00a0\u00bb{}\u00a0\u00bb][et_pb_row admin_label=\u00a0\u00bbFeatured Project\u00a0\u00bb _builder_version=\u00a0\u00bb4.14.7&Prime; width=\u00a0\u00bb100%\u00a0\u00bb min_height=\u00a0\u00bb97px\u00a0\u00bb custom_margin=\u00a0\u00bb4px|auto|28px|auto|false|false\u00a0\u00bb custom_padding=\u00a0\u00bb0px||0px||false|false\u00a0\u00bb global_colors_info=\u00a0\u00bb{}\u00a0\u00bb][et_pb_column type=\u00a0\u00bb4_4&Prime; _builder_version=\u00a0\u00bb3.25&Prime; custom_padding=\u00a0\u00bb|||\u00a0\u00bb global_colors_info=\u00a0\u00bb{}\u00a0\u00bb custom_padding__hover=\u00a0\u00bb|||\u00a0\u00bb][et_pb_divider show_divider=\u00a0\u00bboff\u00a0\u00bb _builder_version=\u00a0\u00bb3.2&Prime; max_width=\u00a0\u00bb23px\u00a0\u00bb module_alignment=\u00a0\u00bbleft\u00a0\u00bb animation_style=\u00a0\u00bbslide\u00a0\u00bb animation_intensity_slide=\u00a0\u00bb20%\u00a0\u00bb animation_starting_opacity=\u00a0\u00bb100%\u00a0\u00bb locked=\u00a0\u00bboff\u00a0\u00bb global_colors_info=\u00a0\u00bb{}\u00a0\u00bb][\/et_pb_divider][et_pb_text _builder_version=\u00a0\u00bb4.14.7&Prime; _module_preset=\u00a0\u00bbdefault\u00a0\u00bb header_font=\u00a0\u00bbMontserrat|700|||||||\u00a0\u00bb header_text_color=\u00a0\u00bb#514f4b\u00a0\u00bb header_font_size=\u00a0\u00bb18px\u00a0\u00bb custom_margin=\u00a0\u00bb||22px||false|false\u00a0\u00bb custom_margin_tablet=\u00a0\u00bb||22px||false|false\u00a0\u00bb custom_margin_phone=\u00a0\u00bb||50px||false|false\u00a0\u00bb custom_margin_last_edited=\u00a0\u00bbon|phone\u00a0\u00bb custom_padding=\u00a0\u00bb0px|||0px|false|false\u00a0\u00bb custom_padding_tablet=\u00a0\u00bb0px|||8px|false|false\u00a0\u00bb custom_padding_phone=\u00a0\u00bb0px|||14px|false|false\u00a0\u00bb custom_padding_last_edited=\u00a0\u00bbon|phone\u00a0\u00bb hover_enabled=\u00a0\u00bb0&Prime; inline_fonts=\u00a0\u00bbMontserrat\u00a0\u00bb global_colors_info=\u00a0\u00bb{}\u00a0\u00bb sticky_enabled=\u00a0\u00bb0&Prime;]<\/p>\n<h1><strong><span style=\"font-size: large; font-family: Montserrat;\">R\u00e9dacteur web SEO, qu\u00e9saquo ?<\/span><\/strong><\/h1>\n<p>[\/et_pb_text][et_pb_text _builder_version=\u00a0\u00bb4.14.7&Prime; text_font=\u00a0\u00bbMontserrat||||||||\u00a0\u00bb text_font_size=\u00a0\u00bb16px\u00a0\u00bb text_line_height=\u00a0\u00bb1.8em\u00a0\u00bb header_font=\u00a0\u00bb||||||||\u00a0\u00bb max_width=\u00a0\u00bb100%\u00a0\u00bb min_height=\u00a0\u00bb5px\u00a0\u00bb custom_margin=\u00a0\u00bb-24px|-82px|-7px|||\u00a0\u00bb custom_margin_tablet=\u00a0\u00bb-53px|-82px|-7px|||\u00a0\u00bb custom_margin_phone=\u00a0\u00bb-53px|-82px|49px||false|false\u00a0\u00bb custom_margin_last_edited=\u00a0\u00bbon|phone\u00a0\u00bb custom_padding=\u00a0\u00bb0px||0px|||\u00a0\u00bb custom_padding_tablet=\u00a0\u00bb0px|15px|0px|15px|false|false\u00a0\u00bb custom_padding_phone=\u00a0\u00bb0px|15px|0px|15px|false|false\u00a0\u00bb custom_padding_last_edited=\u00a0\u00bbon|phone\u00a0\u00bb animation_style=\u00a0\u00bbflip\u00a0\u00bb animation_direction=\u00a0\u00bbleft\u00a0\u00bb animation_intensity_flip=\u00a0\u00bb30%\u00a0\u00bb animation_starting_opacity=\u00a0\u00bb100%\u00a0\u00bb inline_fonts=\u00a0\u00bbMontserrat\u00a0\u00bb global_colors_info=\u00a0\u00bb{}\u00a0\u00bb]<\/p>\n<p style=\"text-align: left;\"><span style=\"color: #514f4b;\"><span style=\"font-size: large; font-family: Montserrat; font-weight: normal;\"><strong>Voici les r\u00e9ponses \u00e0 quelques questions qui me sont fr\u00e9quemment pos\u00e9es. Si vous avez d&rsquo;autres interrogations <\/strong><\/span><span style=\"font-size: large; font-family: Montserrat; font-weight: normal;\"><strong>sur ma fa\u00e7on de travailler, adressez-les moi directement via la rubrique contact, je me ferai un plaisir d&rsquo;y r\u00e9pondre !<\/strong><\/span><\/span><\/p>\n<p>[\/et_pb_text][et_pb_image align_tablet=\u00a0\u00bbcenter\u00a0\u00bb align_phone=\u00a0\u00bb\u00a0\u00bb align_last_edited=\u00a0\u00bbon|desktop\u00a0\u00bb _builder_version=\u00a0\u00bb4.10.8&Prime; custom_margin=\u00a0\u00bb-54px|||||\u00a0\u00bb custom_padding=\u00a0\u00bb||3px|||\u00a0\u00bb global_colors_info=\u00a0\u00bb{}\u00a0\u00bb][\/et_pb_image][\/et_pb_column][\/et_pb_row][\/et_pb_section][et_pb_section fb_built=\u00a0\u00bb1&Prime; custom_padding_last_edited=\u00a0\u00bbon|phone\u00a0\u00bb admin_label=\u00a0\u00bbFAQ Section\u00a0\u00bb _builder_version=\u00a0\u00bb4.14.7&Prime; background_image=\u00a0\u00bbhttps:\/\/cedric-jacquot.com\/wp-content\/uploads\/2022\/01\/papier_3.jpg\u00a0\u00bb custom_margin=\u00a0\u00bb||-15px|||\u00a0\u00bb custom_margin_tablet=\u00a0\u00bb||-15px|||\u00a0\u00bb custom_margin_phone=\u00a0\u00bb|-79px|-15px|-358px|false|false\u00a0\u00bb custom_margin_last_edited=\u00a0\u00bbon|phone\u00a0\u00bb custom_padding=\u00a0\u00bb3px|0px|65px||false|false\u00a0\u00bb custom_padding_tablet=\u00a0\u00bb3px|0px|65px||false|false\u00a0\u00bb custom_padding_phone=\u00a0\u00bb|364px|||false|false\u00a0\u00bb global_colors_info=\u00a0\u00bb{}\u00a0\u00bb][et_pb_row admin_label=\u00a0\u00bbFAQ\u00a0\u00bb _builder_version=\u00a0\u00bb3.25&Prime; max_width=\u00a0\u00bb900px\u00a0\u00bb custom_margin=\u00a0\u00bb|auto||354px||\u00a0\u00bb use_custom_width=\u00a0\u00bbon\u00a0\u00bb custom_width_px=\u00a0\u00bb900px\u00a0\u00bb global_colors_info=\u00a0\u00bb{}\u00a0\u00bb][et_pb_column type=\u00a0\u00bb4_4&Prime; _builder_version=\u00a0\u00bb3.25&Prime; custom_padding=\u00a0\u00bb|||\u00a0\u00bb global_colors_info=\u00a0\u00bb{}\u00a0\u00bb custom_padding__hover=\u00a0\u00bb|||\u00a0\u00bb][et_pb_accordion open_toggle_background_color=\u00a0\u00bbrgba(0,0,0,0.03)\u00a0\u00bb closed_toggle_background_color=\u00a0\u00bbrgba(0,0,0,0)\u00a0\u00bb icon_color=\u00a0\u00bb#0C71C3&Prime; _builder_version=\u00a0\u00bb4.14.7&Prime; toggle_text_color=\u00a0\u00bb#333333&Prime; toggle_font=\u00a0\u00bbMontserrat||||||||\u00a0\u00bb toggle_line_height=\u00a0\u00bb1.5em\u00a0\u00bb body_font=\u00a0\u00bb||||||||\u00a0\u00bb body_font_size=\u00a0\u00bb16px\u00a0\u00bb body_line_height=\u00a0\u00bb1.8em\u00a0\u00bb custom_margin=\u00a0\u00bb||92px|||\u00a0\u00bb border_style_all=\u00a0\u00bbnone\u00a0\u00bb global_colors_info=\u00a0\u00bb{}\u00a0\u00bb][et_pb_accordion_item title=\u00a0\u00bbPourquoi ne r\u00e9digez-vous pas de blog sur ce site ?\u00a0\u00bb _builder_version=\u00a0\u00bb4.14.7&Prime; global_colors_info=\u00a0\u00bb{}\u00a0\u00bb toggle_level=\u00a0\u00bbh2&Prime; toggle_font_size=\u00a0\u00bb16px\u00a0\u00bb open=\u00a0\u00bbon\u00a0\u00bb]<\/p>\n<p>Je pr\u00e9f\u00e8re consacrer mon temps \u00e0 \u00e9crire pour les blogs de mes clients. La plupart des r\u00e9dacteurs qui ont un blog s&rsquo;en servent comme vitrine, pour montrer qu&rsquo;ils ma\u00eetrisent leur sujet (la r\u00e9daction SEO et le marketing web). La rubrique portfolio de mon site remplit ce m\u00eame r\u00f4le, et montre en plus que je peux m&rsquo;adapter \u00e0 tout type de sujets et d&rsquo;univers.<\/p>\n<p>[\/et_pb_accordion_item][et_pb_accordion_item title=\u00a0\u00bbPouvez-vous concevoir un site complet (graphisme, d\u00e9veloppement, etc.) ?\u00a0\u00bb open=\u00a0\u00bboff\u00a0\u00bb _builder_version=\u00a0\u00bb4.14.7&Prime; global_colors_info=\u00a0\u00bb{}\u00a0\u00bb toggle_level=\u00a0\u00bbh2&Prime; toggle_font_size=\u00a0\u00bb16px\u00a0\u00bb]<\/p>\n<p>Si vous souhaitez un r\u00e9sultat optimal pour votre projet web, faites appel \u00e0 des professionnels sp\u00e9cialistes qui ma\u00eetrisent leur sujet plut\u00f4t qu&rsquo;\u00e0 des touche-\u00e0-tout qui feront, pour la plupart, de l&rsquo;\u00e0-peu-pr\u00e8s. Mon expertise porte sur l&rsquo;\u00e9criture de contenus et leur optimisation pour les moteurs de recherches, et sur l&rsquo;exp\u00e9rience utilisateur de l&rsquo;Internaute. Par contre, je travaille avec un r\u00e9seau de partenaires de confiance (Web designers, d\u00e9veloppeurs, etc.) avec qui il est tout \u00e0 fait possible de monter un projet web global.<\/p>\n<p>[\/et_pb_accordion_item][et_pb_accordion_item title=\u00a0\u00bbPouvez-vous fournir les textes avec balises (h1, h2, etc.) int\u00e9gr\u00e9es ?\u00a0\u00bb _builder_version=\u00a0\u00bb4.14.7&Prime; _module_preset=\u00a0\u00bbdefault\u00a0\u00bb global_colors_info=\u00a0\u00bb{}\u00a0\u00bb toggle_level=\u00a0\u00bbh2&Prime; toggle_font_size=\u00a0\u00bb16px\u00a0\u00bb open=\u00a0\u00bboff\u00a0\u00bb]<\/p>\n<p>Je peux fournir les contenus soit avec une mise en page indiquant clairement o\u00f9 sont situ\u00e9s les hn et avec les textes d\u00e9j\u00e0 mis en forme (gras, italique, liens, listes \u00e0 puces, etc.), ou avec les balises html int\u00e9gr\u00e9es. Cela devra toutefois \u00eatre pr\u00e9cis\u00e9 dans le brief initial.<\/p>\n<p>[\/et_pb_accordion_item][et_pb_accordion_item title=\u00a0\u00bbVous occupez-vous de la recherche d&rsquo;images et d&rsquo;illustrations ? \u00a0\u00bb _builder_version=\u00a0\u00bb4.14.7&Prime; _module_preset=\u00a0\u00bbdefault\u00a0\u00bb global_colors_info=\u00a0\u00bb{}\u00a0\u00bb toggle_level=\u00a0\u00bbh2&Prime; toggle_font_size=\u00a0\u00bb16px\u00a0\u00bb open=\u00a0\u00bboff\u00a0\u00bb]<\/p>\n<p>Je peux effectuer les recherches iconographiques pour illustrer les articles et pages web r\u00e9dig\u00e9es. Cela doit simplement \u00eatre demand\u00e9 dans le brief initial et sera r\u00e9percut\u00e9 dans le devis.<\/p>\n<p>[\/et_pb_accordion_item][\/et_pb_accordion][et_pb_text _builder_version=\u00a0\u00bb4.14.6&Prime; _module_preset=\u00a0\u00bbdefault\u00a0\u00bb custom_margin_tablet=\u00a0\u00bb\u00a0\u00bb custom_margin_phone=\u00a0\u00bb-62px||||false|false\u00a0\u00bb custom_margin_last_edited=\u00a0\u00bbon|phone\u00a0\u00bb custom_padding=\u00a0\u00bb||18px|||\u00a0\u00bb inline_fonts=\u00a0\u00bbMontserrat\u00a0\u00bb global_colors_info=\u00a0\u00bb{}\u00a0\u00bb]<\/p>\n<p style=\"text-align: center;\"><span style=\"font-size: large; font-family: Montserrat; font-weight: normal;\"><strong>Vous avez des questions qui ne figurent pas ci-dessus ? Posez-les moi directement\u00a0 :<\/strong><\/span><\/p>\n<p>[\/et_pb_text][et_pb_button button_url=\u00a0\u00bbhttps:\/\/cedric-jacquot.com\/index.php\/contact\/\u00a0\u00bb button_text=\u00a0\u00bbME CONTACTER\u00a0\u00bb button_alignment=\u00a0\u00bbcenter\u00a0\u00bb _builder_version=\u00a0\u00bb4.14.6&Prime; custom_button=\u00a0\u00bbon\u00a0\u00bb button_text_size=\u00a0\u00bb16px\u00a0\u00bb button_text_color=\u00a0\u00bb#ffffff\u00a0\u00bb button_bg_color=\u00a0\u00bb#0C71C3&Prime; button_border_width=\u00a0\u00bb12px\u00a0\u00bb button_border_color=\u00a0\u00bb#0C71C3&Prime; button_letter_spacing=\u00a0\u00bb2px\u00a0\u00bb button_font=\u00a0\u00bbMontserrat|600||on|||||\u00a0\u00bb custom_margin_tablet=\u00a0\u00bb\u00a0\u00bb custom_margin_phone=\u00a0\u00bb||-25px||false|false\u00a0\u00bb custom_margin_last_edited=\u00a0\u00bbon|phone\u00a0\u00bb animation_style=\u00a0\u00bbfade\u00a0\u00bb button_letter_spacing_hover=\u00a0\u00bb0&Prime; global_colors_info=\u00a0\u00bb{}\u00a0\u00bb button_text_size__hover_enabled=\u00a0\u00bboff\u00a0\u00bb button_one_text_size__hover_enabled=\u00a0\u00bboff\u00a0\u00bb button_two_text_size__hover_enabled=\u00a0\u00bboff\u00a0\u00bb button_text_color__hover_enabled=\u00a0\u00bboff\u00a0\u00bb button_one_text_color__hover_enabled=\u00a0\u00bboff\u00a0\u00bb button_two_text_color__hover_enabled=\u00a0\u00bboff\u00a0\u00bb button_border_width__hover_enabled=\u00a0\u00bboff\u00a0\u00bb button_one_border_width__hover_enabled=\u00a0\u00bboff\u00a0\u00bb button_two_border_width__hover_enabled=\u00a0\u00bboff\u00a0\u00bb button_border_color__hover_enabled=\u00a0\u00bboff\u00a0\u00bb button_one_border_color__hover_enabled=\u00a0\u00bboff\u00a0\u00bb button_two_border_color__hover_enabled=\u00a0\u00bboff\u00a0\u00bb button_border_radius__hover_enabled=\u00a0\u00bboff\u00a0\u00bb button_one_border_radius__hover_enabled=\u00a0\u00bboff\u00a0\u00bb button_two_border_radius__hover_enabled=\u00a0\u00bboff\u00a0\u00bb button_letter_spacing__hover_enabled=\u00a0\u00bbon\u00a0\u00bb button_letter_spacing__hover=\u00a0\u00bb0&Prime; button_one_letter_spacing__hover_enabled=\u00a0\u00bboff\u00a0\u00bb button_two_letter_spacing__hover_enabled=\u00a0\u00bboff\u00a0\u00bb button_bg_color__hover_enabled=\u00a0\u00bboff\u00a0\u00bb button_one_bg_color__hover_enabled=\u00a0\u00bboff\u00a0\u00bb button_two_bg_color__hover_enabled=\u00a0\u00bboff\u00a0\u00bb][\/et_pb_button][\/et_pb_column][\/et_pb_row][\/et_pb_section][et_pb_section fb_built=\u00a0\u00bb1&Prime; admin_label=\u00a0\u00bbCTA Section\u00a0\u00bb _builder_version=\u00a0\u00bb4.14.7&Prime; background_color=\u00a0\u00bb#f16334&Prime; use_background_color_gradient=\u00a0\u00bbon\u00a0\u00bb background_color_gradient_start=\u00a0\u00bbrgba(0,0,0,0.8)\u00a0\u00bb background_color_gradient_end=\u00a0\u00bbrgba(0,0,0,0.4)\u00a0\u00bb background_color_gradient_overlays_image=\u00a0\u00bbon\u00a0\u00bb background_image=\u00a0\u00bbhttps:\/\/cedric-jacquot.com\/wp-content\/uploads\/2021\/09\/pexels-pixabay-265152-scaled.jpg\u00a0\u00bb background_position=\u00a0\u00bbbottom_left\u00a0\u00bb min_height=\u00a0\u00bb143px\u00a0\u00bb custom_margin=\u00a0\u00bb13px||-1px|||\u00a0\u00bb custom_padding=\u00a0\u00bb0px||9px|||\u00a0\u00bb locked=\u00a0\u00bboff\u00a0\u00bb global_colors_info=\u00a0\u00bb{}\u00a0\u00bb][et_pb_row admin_label=\u00a0\u00bbCTA Area\u00a0\u00bb _builder_version=\u00a0\u00bb3.25&Prime; custom_margin=\u00a0\u00bb|auto|2px|auto||\u00a0\u00bb custom_padding=\u00a0\u00bb0px||0px|||\u00a0\u00bb locked=\u00a0\u00bboff\u00a0\u00bb global_colors_info=\u00a0\u00bb{}\u00a0\u00bb][et_pb_column type=\u00a0\u00bb4_4&Prime; _builder_version=\u00a0\u00bb3.25&Prime; custom_padding=\u00a0\u00bb|||\u00a0\u00bb global_colors_info=\u00a0\u00bb{}\u00a0\u00bb custom_padding__hover=\u00a0\u00bb|||\u00a0\u00bb][et_pb_text _builder_version=\u00a0\u00bb4.14.6&Prime; text_font=\u00a0\u00bbMontserrat||||||||\u00a0\u00bb text_font_size=\u00a0\u00bb26px\u00a0\u00bb text_line_height=\u00a0\u00bb1.5em\u00a0\u00bb text_orientation=\u00a0\u00bbcenter\u00a0\u00bb background_layout=\u00a0\u00bbdark\u00a0\u00bb module_alignment=\u00a0\u00bbcenter\u00a0\u00bb min_height=\u00a0\u00bb15px\u00a0\u00bb custom_margin=\u00a0\u00bb2px||-20px|||\u00a0\u00bb custom_padding=\u00a0\u00bb32px||20px|||\u00a0\u00bb animation_style=\u00a0\u00bbflip\u00a0\u00bb animation_intensity_flip=\u00a0\u00bb20%\u00a0\u00bb animation_starting_opacity=\u00a0\u00bb200%\u00a0\u00bb text_font_size_tablet=\u00a0\u00bb26px\u00a0\u00bb text_font_size_phone=\u00a0\u00bb24px\u00a0\u00bb text_font_size_last_edited=\u00a0\u00bbon|phone\u00a0\u00bb inline_fonts=\u00a0\u00bbMontserrat\u00a0\u00bb global_colors_info=\u00a0\u00bb{}\u00a0\u00bb]<\/p>\n<blockquote>\n<p><span style=\"font-family: Montserrat; font-size: x-large;\"><em>\u00ab\u00a0<span> Il vaut mieux conna\u00eetre certaines des questions que toutes les r\u00e9ponses. \u00a0\u00bb <\/span><\/em><\/span><\/p>\n<p><span style=\"font-family: Montserrat; font-size: x-large;\"><em><span>(James Thurber<\/span><\/em>)<\/span><\/p>\n<\/blockquote>\n<p>[\/et_pb_text][\/et_pb_column][\/et_pb_row][\/et_pb_section]<\/p>\n","protected":false},"excerpt":{"rendered":"<p>FAQR\u00e9dacteur web SEO, qu\u00e9saquo ?Voici les r\u00e9ponses \u00e0 quelques questions qui me sont fr\u00e9quemment pos\u00e9es. Si vous avez d&rsquo;autres interrogations sur ma fa\u00e7on de travailler, adressez-les moi directement via la rubrique contact, je me ferai un plaisir d&rsquo;y r\u00e9pondre !Je pr\u00e9f\u00e8re consacrer mon temps \u00e0 \u00e9crire pour les blogs de mes clients. La plupart des [&hellip;]<\/p>\n","protected":false},"author":1,"featured_media":0,"parent":0,"menu_order":0,"comment_status":"closed","ping_status":"closed","template":"","meta":{"_et_pb_use_builder":"on","_et_pb_old_content":"","_et_gb_content_width":"","footnotes":""},"class_list":["post-96","page","type-page","status-publish","hentry"],"yoast_head":"<!-- This site is optimized with the Yoast SEO plugin v24.9 - https:\/\/yoast.com\/wordpress\/plugins\/seo\/ -->\n<title>FAQ - cedric-jacquot.com<\/title>\n<meta name=\"robots\" content=\"index, follow, max-snippet:-1, max-image-preview:large, max-video-preview:-1\" \/>\n<link rel=\"canonical\" href=\"https:\/\/cedric-jacquot.com\/index.php\/faq\/\" \/>\n<meta property=\"og:locale\" content=\"fr_FR\" \/>\n<meta property=\"og:type\" content=\"article\" \/>\n<meta property=\"og:title\" content=\"FAQ - cedric-jacquot.com\" \/>\n<meta property=\"og:description\" content=\"FAQR\u00e9dacteur web SEO, qu\u00e9saquo ?Voici les r\u00e9ponses \u00e0 quelques questions qui me sont fr\u00e9quemment pos\u00e9es. Si vous avez d&#039;autres interrogations sur ma fa\u00e7on de travailler, adressez-les moi directement via la rubrique contact, je me ferai un plaisir d&#039;y r\u00e9pondre !Je pr\u00e9f\u00e8re consacrer mon temps \u00e0 \u00e9crire pour les blogs de mes clients. La plupart des [&hellip;]\" \/>\n<meta property=\"og:url\" content=\"https:\/\/cedric-jacquot.com\/index.php\/faq\/\" \/>\n<meta property=\"og:site_name\" content=\"cedric-jacquot.com\" \/>\n<meta property=\"article:modified_time\" content=\"2022-01-29T20:28:43+00:00\" \/>\n<meta name=\"twitter:card\" content=\"summary_large_image\" \/>\n<meta name=\"twitter:label1\" content=\"Dur\u00e9e de lecture estim\u00e9e\" \/>\n\t<meta name=\"twitter:data1\" content=\"8 minutes\" \/>\n<script type=\"application\/ld+json\" class=\"yoast-schema-graph\">{\"@context\":\"https:\/\/schema.org\",\"@graph\":[{\"@type\":\"WebPage\",\"@id\":\"https:\/\/cedric-jacquot.com\/index.php\/faq\/\",\"url\":\"https:\/\/cedric-jacquot.com\/index.php\/faq\/\",\"name\":\"FAQ - cedric-jacquot.com\",\"isPartOf\":{\"@id\":\"https:\/\/cedric-jacquot.com\/#website\"},\"datePublished\":\"2022-01-24T16:58:23+00:00\",\"dateModified\":\"2022-01-29T20:28:43+00:00\",\"breadcrumb\":{\"@id\":\"https:\/\/cedric-jacquot.com\/index.php\/faq\/#breadcrumb\"},\"inLanguage\":\"fr-FR\",\"potentialAction\":[{\"@type\":\"ReadAction\",\"target\":[\"https:\/\/cedric-jacquot.com\/index.php\/faq\/\"]}]},{\"@type\":\"BreadcrumbList\",\"@id\":\"https:\/\/cedric-jacquot.com\/index.php\/faq\/#breadcrumb\",\"itemListElement\":[{\"@type\":\"ListItem\",\"position\":1,\"name\":\"Accueil\",\"item\":\"https:\/\/cedric-jacquot.com\/\"},{\"@type\":\"ListItem\",\"position\":2,\"name\":\"FAQ\"}]},{\"@type\":\"WebSite\",\"@id\":\"https:\/\/cedric-jacquot.com\/#website\",\"url\":\"https:\/\/cedric-jacquot.com\/\",\"name\":\"cedric-jacquot.com\",\"description\":\"R\u00e9dacteur Web SEO\",\"potentialAction\":[{\"@type\":\"SearchAction\",\"target\":{\"@type\":\"EntryPoint\",\"urlTemplate\":\"https:\/\/cedric-jacquot.com\/?s={search_term_string}\"},\"query-input\":{\"@type\":\"PropertyValueSpecification\",\"valueRequired\":true,\"valueName\":\"search_term_string\"}}],\"inLanguage\":\"fr-FR\"}]}<\/script>\n<!-- \/ Yoast SEO plugin. -->","yoast_head_json":{"title":"FAQ - cedric-jacquot.com","robots":{"index":"index","follow":"follow","max-snippet":"max-snippet:-1","max-image-preview":"max-image-preview:large","max-video-preview":"max-video-preview:-1"},"canonical":"https:\/\/cedric-jacquot.com\/index.php\/faq\/","og_locale":"fr_FR","og_type":"article","og_title":"FAQ - cedric-jacquot.com","og_description":"FAQR\u00e9dacteur web SEO, qu\u00e9saquo ?Voici les r\u00e9ponses \u00e0 quelques questions qui me sont fr\u00e9quemment pos\u00e9es. Si vous avez d'autres interrogations sur ma fa\u00e7on de travailler, adressez-les moi directement via la rubrique contact, je me ferai un plaisir d'y r\u00e9pondre !Je pr\u00e9f\u00e8re consacrer mon temps \u00e0 \u00e9crire pour les blogs de mes clients. La plupart des [&hellip;]","og_url":"https:\/\/cedric-jacquot.com\/index.php\/faq\/","og_site_name":"cedric-jacquot.com","article_modified_time":"2022-01-29T20:28:43+00:00","twitter_card":"summary_large_image","twitter_misc":{"Dur\u00e9e de lecture estim\u00e9e":"8 minutes"},"schema":{"@context":"https:\/\/schema.org","@graph":[{"@type":"WebPage","@id":"https:\/\/cedric-jacquot.com\/index.php\/faq\/","url":"https:\/\/cedric-jacquot.com\/index.php\/faq\/","name":"FAQ - cedric-jacquot.com","isPartOf":{"@id":"https:\/\/cedric-jacquot.com\/#website"},"datePublished":"2022-01-24T16:58:23+00:00","dateModified":"2022-01-29T20:28:43+00:00","breadcrumb":{"@id":"https:\/\/cedric-jacquot.com\/index.php\/faq\/#breadcrumb"},"inLanguage":"fr-FR","potentialAction":[{"@type":"ReadAction","target":["https:\/\/cedric-jacquot.com\/index.php\/faq\/"]}]},{"@type":"BreadcrumbList","@id":"https:\/\/cedric-jacquot.com\/index.php\/faq\/#breadcrumb","itemListElement":[{"@type":"ListItem","position":1,"name":"Accueil","item":"https:\/\/cedric-jacquot.com\/"},{"@type":"ListItem","position":2,"name":"FAQ"}]},{"@type":"WebSite","@id":"https:\/\/cedric-jacquot.com\/#website","url":"https:\/\/cedric-jacquot.com\/","name":"cedric-jacquot.com","description":"R\u00e9dacteur Web SEO","potentialAction":[{"@type":"SearchAction","target":{"@type":"EntryPoint","urlTemplate":"https:\/\/cedric-jacquot.com\/?s={search_term_string}"},"query-input":{"@type":"PropertyValueSpecification","valueRequired":true,"valueName":"search_term_string"}}],"inLanguage":"fr-FR"}]}},"_links":{"self":[{"href":"https:\/\/cedric-jacquot.com\/index.php\/wp-json\/wp\/v2\/pages\/96","targetHints":{"allow":["GET"]}}],"collection":[{"href":"https:\/\/cedric-jacquot.com\/index.php\/wp-json\/wp\/v2\/pages"}],"about":[{"href":"https:\/\/cedric-jacquot.com\/index.php\/wp-json\/wp\/v2\/types\/page"}],"author":[{"embeddable":true,"href":"https:\/\/cedric-jacquot.com\/index.php\/wp-json\/wp\/v2\/users\/1"}],"replies":[{"embeddable":true,"href":"https:\/\/cedric-jacquot.com\/index.php\/wp-json\/wp\/v2\/comments?post=96"}],"version-history":[{"count":40,"href":"https:\/\/cedric-jacquot.com\/index.php\/wp-json\/wp\/v2\/pages\/96\/revisions"}],"predecessor-version":[{"id":810,"href":"https:\/\/cedric-jacquot.com\/index.php\/wp-json\/wp\/v2\/pages\/96\/revisions\/810"}],"wp:attachment":[{"href":"https:\/\/cedric-jacquot.com\/index.php\/wp-json\/wp\/v2\/media?parent=96"}],"curies":[{"name":"wp","href":"https:\/\/api.w.org\/{rel}","templated":true}]}}