{"id":376,"date":"2022-01-24T14:03:20","date_gmt":"2022-01-24T13:03:20","guid":{"rendered":"https:\/\/cedric-jacquot.com\/?page_id=376"},"modified":"2022-01-25T16:12:19","modified_gmt":"2022-01-25T15:12:19","slug":"mentions-legales","status":"publish","type":"page","link":"https:\/\/cedric-jacquot.com\/index.php\/mentions-legales\/","title":{"rendered":"Mentions l\u00e9gales"},"content":{"rendered":"<p>[et_pb_section fb_built=\u00a0\u00bb1&Prime; admin_label=\u00a0\u00bbContact Form Section\u00a0\u00bb _builder_version=\u00a0\u00bb4.14.6&Prime; background_image=\u00a0\u00bbhttps:\/\/cedric-jacquot.com\/wp-content\/uploads\/2022\/01\/papier_3.jpg\u00a0\u00bb custom_padding=\u00a0\u00bb25px||90px|||\u00a0\u00bb global_colors_info=\u00a0\u00bb{}\u00a0\u00bb][et_pb_row admin_label=\u00a0\u00bbSection Title\u00a0\u00bb _builder_version=\u00a0\u00bb4.10.8&Prime; min_height=\u00a0\u00bb122px\u00a0\u00bb custom_margin=\u00a0\u00bb|auto|-50px|auto||\u00a0\u00bb custom_padding=\u00a0\u00bb12px||0px|||\u00a0\u00bb use_custom_width=\u00a0\u00bbon\u00a0\u00bb global_colors_info=\u00a0\u00bb{}\u00a0\u00bb][et_pb_column type=\u00a0\u00bb4_4&Prime; _builder_version=\u00a0\u00bb3.25&Prime; custom_padding=\u00a0\u00bb|||\u00a0\u00bb global_colors_info=\u00a0\u00bb{}\u00a0\u00bb custom_padding__hover=\u00a0\u00bb|||\u00a0\u00bb][et_pb_text admin_label=\u00a0\u00bbTitle\u00a0\u00bb _builder_version=\u00a0\u00bb4.10.8&Prime; text_font=\u00a0\u00bb||||||||\u00a0\u00bb header_font=\u00a0\u00bb||||||||\u00a0\u00bb header_2_font=\u00a0\u00bbMontserrat|600||on|||||\u00a0\u00bb header_2_text_align=\u00a0\u00bbcenter\u00a0\u00bb header_2_font_size=\u00a0\u00bb30px\u00a0\u00bb header_2_line_height=\u00a0\u00bb1.5em\u00a0\u00bb text_orientation=\u00a0\u00bbcenter\u00a0\u00bb custom_margin=\u00a0\u00bb||5px|\u00a0\u00bb custom_padding=\u00a0\u00bb||30px|||\u00a0\u00bb animation_style=\u00a0\u00bbslide\u00a0\u00bb animation_direction=\u00a0\u00bbtop\u00a0\u00bb animation_intensity_slide=\u00a0\u00bb20%\u00a0\u00bb animation_starting_opacity=\u00a0\u00bb100%\u00a0\u00bb global_colors_info=\u00a0\u00bb{}\u00a0\u00bb]<\/p>\n<h2>MENTIONS L\u00c9GALES<\/h2>\n<p>[\/et_pb_text][\/et_pb_column][\/et_pb_row][et_pb_row _builder_version=\u00a0\u00bb4.14.5&Prime; _module_preset=\u00a0\u00bbdefault\u00a0\u00bb global_colors_info=\u00a0\u00bb{}\u00a0\u00bb][et_pb_column type=\u00a0\u00bb4_4&Prime; _builder_version=\u00a0\u00bb4.14.5&Prime; _module_preset=\u00a0\u00bbdefault\u00a0\u00bb global_colors_info=\u00a0\u00bb{}\u00a0\u00bb][et_pb_text _builder_version=\u00a0\u00bb4.14.6&Prime; _module_preset=\u00a0\u00bbdefault\u00a0\u00bb background_color=\u00a0\u00bb#FFFFFF\u00a0\u00bb background_image=\u00a0\u00bbhttps:\/\/cedric-jacquot.com\/wp-content\/uploads\/2022\/01\/papier_3.jpg\u00a0\u00bb inline_fonts=\u00a0\u00bbMontserrat\u00a0\u00bb global_colors_info=\u00a0\u00bb{}\u00a0\u00bb]<\/p>\n<p><span style=\"font-size: large;\"><strong><span style=\"font-family: Montserrat;\">\u00c9DITION<\/span><\/strong><\/span><\/p>\n<p>Propri\u00e9taire et responsable de la publication\u00a0: C\u00e9dric JACQUOT<\/p>\n<p>Adresse\u00a0: 13 rue Villenouvelle, 81310 Lisle-sur-Tarn<\/p>\n<p>Contact\u00a0: <a href=\"mailto:cedric.jacquot.redacteur@gmail.com\">cedric.jacquot.redacteur@gmail.com<\/a> \/ +33 (0)6 23 01 13 64<\/p>\n<p>SIRET\u00a0: 53502242000033<\/p>\n<p>&nbsp;<\/p>\n<p><span style=\"font-size: large;\"><strong><span style=\"font-family: Montserrat;\">H\u00c9BERGEMENT<\/span><\/strong><\/span><\/p>\n<p>Ce site est h\u00e9berg\u00e9 par la soci\u00e9t\u00e9 OVH<\/p>\n<p><a href=\"https:\/\/www.ovhcloud.com\/fr\/\">www.ovh.com<\/a><\/p>\n<p>2 rue Kellermann, BP 80157, 59053 ROUBAIX Cedex 1, France<\/p>\n<p>&nbsp;<\/p>\n<p><span style=\"font-size: large;\"><strong><span style=\"font-family: Montserrat;\">PROPRI\u00c9T\u00c9 INTELLECTUELLE<\/span><\/strong><\/span><\/p>\n<p>Le site \u00ab cedric-jacquot.com \u00bb est prot\u00e9g\u00e9 par les droits sur la propri\u00e9t\u00e9 intellectuelle. Toute copie, m\u00eame partielle, de quelques \u00e9l\u00e9ments que ce soit est strictement interdite sans l\u2019accord pr\u00e9alable du responsable du site.<\/p>\n<p>&nbsp;<\/p>\n<p>[\/et_pb_text][\/et_pb_column][\/et_pb_row][\/et_pb_section]<\/p>\n","protected":false},"excerpt":{"rendered":"<p>MENTIONS L\u00c9GALES\u00c9DITION Propri\u00e9taire et responsable de la publication\u00a0: C\u00e9dric JACQUOT Adresse\u00a0: 13 rue Villenouvelle, 81310 Lisle-sur-Tarn Contact\u00a0: cedric.jacquot.redacteur@gmail.com \/ +33 (0)6 23 01 13 64 SIRET\u00a0: 53502242000033 &nbsp; H\u00c9BERGEMENT Ce site est h\u00e9berg\u00e9 par la soci\u00e9t\u00e9 OVH www.ovh.com 2 rue Kellermann, BP 80157, 59053 ROUBAIX Cedex 1, France &nbsp; PROPRI\u00c9T\u00c9 INTELLECTUELLE Le site \u00ab cedric-jacquot.com [&hellip;]<\/p>\n","protected":false},"author":1,"featured_media":0,"parent":0,"menu_order":0,"comment_status":"closed","ping_status":"closed","template":"","meta":{"_et_pb_use_builder":"on","_et_pb_old_content":"","_et_gb_content_width":"","footnotes":""},"class_list":["post-376","page","type-page","status-publish","hentry"],"yoast_head":"<!-- This site is optimized with the Yoast SEO plugin v24.9 - https:\/\/yoast.com\/wordpress\/plugins\/seo\/ -->\n<title>Mentions l\u00e9gales - cedric-jacquot.com<\/title>\n<meta name=\"robots\" content=\"index, follow, max-snippet:-1, max-image-preview:large, max-video-preview:-1\" \/>\n<link rel=\"canonical\" href=\"https:\/\/cedric-jacquot.com\/index.php\/mentions-legales\/\" \/>\n<meta property=\"og:locale\" content=\"fr_FR\" \/>\n<meta property=\"og:type\" content=\"article\" \/>\n<meta property=\"og:title\" content=\"Mentions l\u00e9gales - cedric-jacquot.com\" \/>\n<meta property=\"og:description\" content=\"MENTIONS L\u00c9GALES\u00c9DITION Propri\u00e9taire et responsable de la publication\u00a0: C\u00e9dric JACQUOT Adresse\u00a0: 13 rue Villenouvelle, 81310 Lisle-sur-Tarn Contact\u00a0: cedric.jacquot.redacteur@gmail.com \/ +33 (0)6 23 01 13 64 SIRET\u00a0: 53502242000033 &nbsp; H\u00c9BERGEMENT Ce site est h\u00e9berg\u00e9 par la soci\u00e9t\u00e9 OVH www.ovh.com 2 rue Kellermann, BP 80157, 59053 ROUBAIX Cedex 1, France &nbsp; PROPRI\u00c9T\u00c9 INTELLECTUELLE Le site \u00ab cedric-jacquot.com [&hellip;]\" \/>\n<meta property=\"og:url\" content=\"https:\/\/cedric-jacquot.com\/index.php\/mentions-legales\/\" \/>\n<meta property=\"og:site_name\" content=\"cedric-jacquot.com\" \/>\n<meta property=\"article:modified_time\" content=\"2022-01-25T15:12:19+00:00\" \/>\n<meta name=\"twitter:card\" content=\"summary_large_image\" \/>\n<script type=\"application\/ld+json\" class=\"yoast-schema-graph\">{\"@context\":\"https:\/\/schema.org\",\"@graph\":[{\"@type\":\"WebPage\",\"@id\":\"https:\/\/cedric-jacquot.com\/index.php\/mentions-legales\/\",\"url\":\"https:\/\/cedric-jacquot.com\/index.php\/mentions-legales\/\",\"name\":\"Mentions l\u00e9gales - cedric-jacquot.com\",\"isPartOf\":{\"@id\":\"https:\/\/cedric-jacquot.com\/#website\"},\"datePublished\":\"2022-01-24T13:03:20+00:00\",\"dateModified\":\"2022-01-25T15:12:19+00:00\",\"breadcrumb\":{\"@id\":\"https:\/\/cedric-jacquot.com\/index.php\/mentions-legales\/#breadcrumb\"},\"inLanguage\":\"fr-FR\",\"potentialAction\":[{\"@type\":\"ReadAction\",\"target\":[\"https:\/\/cedric-jacquot.com\/index.php\/mentions-legales\/\"]}]},{\"@type\":\"BreadcrumbList\",\"@id\":\"https:\/\/cedric-jacquot.com\/index.php\/mentions-legales\/#breadcrumb\",\"itemListElement\":[{\"@type\":\"ListItem\",\"position\":1,\"name\":\"Accueil\",\"item\":\"https:\/\/cedric-jacquot.com\/\"},{\"@type\":\"ListItem\",\"position\":2,\"name\":\"Mentions l\u00e9gales\"}]},{\"@type\":\"WebSite\",\"@id\":\"https:\/\/cedric-jacquot.com\/#website\",\"url\":\"https:\/\/cedric-jacquot.com\/\",\"name\":\"cedric-jacquot.com\",\"description\":\"R\u00e9dacteur Web SEO\",\"potentialAction\":[{\"@type\":\"SearchAction\",\"target\":{\"@type\":\"EntryPoint\",\"urlTemplate\":\"https:\/\/cedric-jacquot.com\/?s={search_term_string}\"},\"query-input\":{\"@type\":\"PropertyValueSpecification\",\"valueRequired\":true,\"valueName\":\"search_term_string\"}}],\"inLanguage\":\"fr-FR\"}]}<\/script>\n<!-- \/ Yoast SEO plugin. -->","yoast_head_json":{"title":"Mentions l\u00e9gales - cedric-jacquot.com","robots":{"index":"index","follow":"follow","max-snippet":"max-snippet:-1","max-image-preview":"max-image-preview:large","max-video-preview":"max-video-preview:-1"},"canonical":"https:\/\/cedric-jacquot.com\/index.php\/mentions-legales\/","og_locale":"fr_FR","og_type":"article","og_title":"Mentions l\u00e9gales - cedric-jacquot.com","og_description":"MENTIONS L\u00c9GALES\u00c9DITION Propri\u00e9taire et responsable de la publication\u00a0: C\u00e9dric JACQUOT Adresse\u00a0: 13 rue Villenouvelle, 81310 Lisle-sur-Tarn Contact\u00a0: cedric.jacquot.redacteur@gmail.com \/ +33 (0)6 23 01 13 64 SIRET\u00a0: 53502242000033 &nbsp; H\u00c9BERGEMENT Ce site est h\u00e9berg\u00e9 par la soci\u00e9t\u00e9 OVH www.ovh.com 2 rue Kellermann, BP 80157, 59053 ROUBAIX Cedex 1, France &nbsp; PROPRI\u00c9T\u00c9 INTELLECTUELLE Le site \u00ab cedric-jacquot.com [&hellip;]","og_url":"https:\/\/cedric-jacquot.com\/index.php\/mentions-legales\/","og_site_name":"cedric-jacquot.com","article_modified_time":"2022-01-25T15:12:19+00:00","twitter_card":"summary_large_image","schema":{"@context":"https:\/\/schema.org","@graph":[{"@type":"WebPage","@id":"https:\/\/cedric-jacquot.com\/index.php\/mentions-legales\/","url":"https:\/\/cedric-jacquot.com\/index.php\/mentions-legales\/","name":"Mentions l\u00e9gales - cedric-jacquot.com","isPartOf":{"@id":"https:\/\/cedric-jacquot.com\/#website"},"datePublished":"2022-01-24T13:03:20+00:00","dateModified":"2022-01-25T15:12:19+00:00","breadcrumb":{"@id":"https:\/\/cedric-jacquot.com\/index.php\/mentions-legales\/#breadcrumb"},"inLanguage":"fr-FR","potentialAction":[{"@type":"ReadAction","target":["https:\/\/cedric-jacquot.com\/index.php\/mentions-legales\/"]}]},{"@type":"BreadcrumbList","@id":"https:\/\/cedric-jacquot.com\/index.php\/mentions-legales\/#breadcrumb","itemListElement":[{"@type":"ListItem","position":1,"name":"Accueil","item":"https:\/\/cedric-jacquot.com\/"},{"@type":"ListItem","position":2,"name":"Mentions l\u00e9gales"}]},{"@type":"WebSite","@id":"https:\/\/cedric-jacquot.com\/#website","url":"https:\/\/cedric-jacquot.com\/","name":"cedric-jacquot.com","description":"R\u00e9dacteur Web SEO","potentialAction":[{"@type":"SearchAction","target":{"@type":"EntryPoint","urlTemplate":"https:\/\/cedric-jacquot.com\/?s={search_term_string}"},"query-input":{"@type":"PropertyValueSpecification","valueRequired":true,"valueName":"search_term_string"}}],"inLanguage":"fr-FR"}]}},"_links":{"self":[{"href":"https:\/\/cedric-jacquot.com\/index.php\/wp-json\/wp\/v2\/pages\/376","targetHints":{"allow":["GET"]}}],"collection":[{"href":"https:\/\/cedric-jacquot.com\/index.php\/wp-json\/wp\/v2\/pages"}],"about":[{"href":"https:\/\/cedric-jacquot.com\/index.php\/wp-json\/wp\/v2\/types\/page"}],"author":[{"embeddable":true,"href":"https:\/\/cedric-jacquot.com\/index.php\/wp-json\/wp\/v2\/users\/1"}],"replies":[{"embeddable":true,"href":"https:\/\/cedric-jacquot.com\/index.php\/wp-json\/wp\/v2\/comments?post=376"}],"version-history":[{"count":7,"href":"https:\/\/cedric-jacquot.com\/index.php\/wp-json\/wp\/v2\/pages\/376\/revisions"}],"predecessor-version":[{"id":516,"href":"https:\/\/cedric-jacquot.com\/index.php\/wp-json\/wp\/v2\/pages\/376\/revisions\/516"}],"wp:attachment":[{"href":"https:\/\/cedric-jacquot.com\/index.php\/wp-json\/wp\/v2\/media?parent=376"}],"curies":[{"name":"wp","href":"https:\/\/api.w.org\/{rel}","templated":true}]}}