{"id":349,"date":"2022-01-10T14:51:53","date_gmt":"2022-01-10T13:51:53","guid":{"rendered":"http:\/\/cedric-jacquot.com\/?page_id=349"},"modified":"2022-09-30T12:39:01","modified_gmt":"2022-09-30T10:39:01","slug":"email-g2s","status":"publish","type":"page","link":"https:\/\/cedric-jacquot.com\/index.php\/email-g2s\/","title":{"rendered":"Email G2S"},"content":{"rendered":"<p>[et_pb_section fb_built=\u00a0\u00bb1&Prime; admin_label=\u00a0\u00bbContact Form Section\u00a0\u00bb _builder_version=\u00a0\u00bb4.16&Prime; background_image=\u00a0\u00bbhttps:\/\/cedric-jacquot.com\/wp-content\/uploads\/2022\/01\/papier_3.jpg\u00a0\u00bb custom_padding=\u00a0\u00bb25px||90px|||\u00a0\u00bb global_colors_info=\u00a0\u00bb{}\u00a0\u00bb][et_pb_row admin_label=\u00a0\u00bbSection Title\u00a0\u00bb _builder_version=\u00a0\u00bb4.16&Prime; min_height=\u00a0\u00bb122px\u00a0\u00bb custom_margin=\u00a0\u00bb|auto|-50px|auto||\u00a0\u00bb custom_padding=\u00a0\u00bb12px||0px|||\u00a0\u00bb use_custom_width=\u00a0\u00bbon\u00a0\u00bb global_colors_info=\u00a0\u00bb{}\u00a0\u00bb][et_pb_column type=\u00a0\u00bb4_4&Prime; _builder_version=\u00a0\u00bb4.16&Prime; custom_padding=\u00a0\u00bb|||\u00a0\u00bb global_colors_info=\u00a0\u00bb{}\u00a0\u00bb custom_padding__hover=\u00a0\u00bb|||\u00a0\u00bb][et_pb_text admin_label=\u00a0\u00bbTitle\u00a0\u00bb _builder_version=\u00a0\u00bb4.16&Prime; text_font=\u00a0\u00bb||||||||\u00a0\u00bb header_font=\u00a0\u00bb||||||||\u00a0\u00bb header_2_font=\u00a0\u00bbMontserrat|600||on|||||\u00a0\u00bb header_2_text_align=\u00a0\u00bbcenter\u00a0\u00bb header_2_font_size=\u00a0\u00bb30px\u00a0\u00bb header_2_line_height=\u00a0\u00bb1.5em\u00a0\u00bb text_orientation=\u00a0\u00bbcenter\u00a0\u00bb custom_margin=\u00a0\u00bb||5px|\u00a0\u00bb custom_padding=\u00a0\u00bb||30px|||\u00a0\u00bb animation_style=\u00a0\u00bbslide\u00a0\u00bb animation_direction=\u00a0\u00bbtop\u00a0\u00bb animation_intensity_slide=\u00a0\u00bb20%\u00a0\u00bb animation_starting_opacity=\u00a0\u00bb100%\u00a0\u00bb global_colors_info=\u00a0\u00bb{}\u00a0\u00bb]<\/p>\n<h2><span style=\"color: #514f4b;\">Email copywrit\u00e9 \u00ab\u00a0formation en ligne\u00a0\u00bb<\/span><\/h2>\n<h2><span style=\"color: #514f4b;\">pour le site \u00ab\u00a0La guitare en 2 semaines\u00a0\u00bb<\/span><\/h2>\n<p>[\/et_pb_text][\/et_pb_column][\/et_pb_row][et_pb_row _builder_version=\u00a0\u00bb4.16&Prime; _module_preset=\u00a0\u00bbdefault\u00a0\u00bb global_colors_info=\u00a0\u00bb{}\u00a0\u00bb][et_pb_column type=\u00a0\u00bb4_4&Prime; _builder_version=\u00a0\u00bb4.16&Prime; _module_preset=\u00a0\u00bbdefault\u00a0\u00bb global_colors_info=\u00a0\u00bb{}\u00a0\u00bb][et_pb_text _builder_version=\u00a0\u00bb4.16&Prime; _module_preset=\u00a0\u00bbdefault\u00a0\u00bb background_color=\u00a0\u00bb#FFFFFF\u00a0\u00bb background_image=\u00a0\u00bbhttps:\/\/cedric-jacquot.com\/wp-content\/uploads\/2022\/01\/papier_3.jpg\u00a0\u00bb inline_fonts=\u00a0\u00bbMontserrat\u00a0\u00bb global_colors_info=\u00a0\u00bb{}\u00a0\u00bb]<\/p>\n<p><span style=\"font-family: Montserrat; font-weight: normal; font-size: medium; color: #514f4b;\">(OBJET)<\/span><\/p>\n<p><span style=\"font-size: large; color: #514f4b;\"><strong><span style=\"font-family: Montserrat;\">Ma\u00eetrise parfaitement 8 morceaux d\u2019ici No\u00ebl !<\/span><\/strong><\/span><\/p>\n<p><span style=\"font-family: Montserrat; font-weight: normal; color: #514f4b;\">\u00a0<\/span><\/p>\n<p><span style=\"font-family: Montserrat; font-weight: normal; font-size: medium; color: #514f4b;\">(CORPS)<\/span><\/p>\n<p><span style=\"font-family: Montserrat; font-weight: normal; font-size: medium; color: #514f4b;\">Imagine\u00a0:<\/span><\/p>\n<p><span style=\"font-family: Montserrat; font-weight: normal; font-size: medium; color: #514f4b;\">\u00a0<strong>Si \u00e0 No\u00ebl tu pouvais d\u00e9j\u00e0 jouer \u00e0 la perfection plusieurs morceaux<\/strong> devant tes proches. Tu souris devant leur surprise\u00a0: tu n\u2019avais clairement pas ce niveau-l\u00e0 il y a quelques semaines. Tu es d\u00e9tendu. Tu sais que tu ma\u00eetrises. Et tu sais que \u00e7a sonne\u00a0!<\/span><\/p>\n<p><span style=\"font-family: Montserrat; font-weight: normal; font-size: medium; color: #514f4b;\">\u00a0Si pour le Nouvel An tu pouvais faire un b\u0153uf avec tes amis zicos sans te prendre la t\u00eate. Tu es juste dans le plaisir de jouer et de partager. Aucun malaise. Tu profites simplement du moment. Et tu leur montres ce dont tu es capable avec une gratte dans les mains\u00a0!<\/span><\/p>\n<p><span style=\"font-family: Montserrat; font-weight: normal; font-size: medium; color: #514f4b;\">\u00a0Si d\u2019ici quelques mois tu ma\u00eetrisais parfaitement <strong>plus d\u2019une vingtaine de morceaux<\/strong>. Fini la g\u00eane d\u2019essayer une guitare dans une boutique\u00a0! Fini aussi les mauvais pr\u00e9textes pour esquiver quand on te dit \u00ab\u00a0ah tu fais de la guitare\u00a0? Tu nous joues un truc\u00a0?\u00a0\u00bb. Tu g\u00e8res et tu es fier de le montrer.<\/span><\/p>\n<p><span style=\"font-family: Montserrat; font-weight: normal; font-size: medium; color: #514f4b;\">\u00a0<\/span><\/p>\n<p><span style=\"font-family: Montserrat; font-weight: normal; font-size: medium; color: #514f4b;\">Non, je ne te vends pas une formule miracle foireuse. Je vais m\u00eame \u00eatre parfaitement clair\u00a0: <strong>la guitare n\u2019est pas un instrument facile quand on d\u00e9bute<\/strong>. Et \u00e9videmment que tu ne joueras pas du Jimi Hendrix dans 3 semaines. (Dans quelques mois par contre\u2026 Mais on en reparlera plus tard\u00a0!).<\/span><\/p>\n<p><span style=\"font-family: Montserrat; font-weight: normal; font-size: medium; color: #514f4b;\">\u00a0Tes cordes gr\u00e9sillent. Ta main gauche est toujours en retard. Ta main droite est en roue libre. Tu as mal au poignet. C\u2019est comme \u00e7a depuis des semaines, peut-\u00eatre m\u00eame des mois.<\/span><\/p>\n<p><span style=\"font-family: Montserrat; font-weight: normal; font-size: medium; color: #514f4b;\">Et pourtant, tu pourrais oublier tout \u00e7a tellement rapidement\u2026 Et sans prise de t\u00eate\u00a0!<\/span><\/p>\n<p><span style=\"font-family: Montserrat; font-weight: normal; font-size: medium; color: #514f4b;\">\u00a0<strong>En seulement quelques semaines,\u00a0tu peux avoir de vrais r\u00e9sultats :<\/strong><\/span><\/p>\n<p><span style=\"font-family: Montserrat; font-weight: normal; font-size: medium; color: #514f4b;\">Tes doigts se posent instinctivement sur ta guitare. Tes accords s\u2019encha\u00eenent de fa\u00e7on fluide. Tu progresses \u00e0 chaque session. Tu prends enfin du plaisir\u00a0!<\/span><\/p>\n<p><span style=\"font-family: Montserrat; font-weight: normal; font-size: medium; color: #514f4b;\">\u00a0<\/span><\/p>\n<p><span style=\"font-family: Montserrat; font-weight: normal; font-size: medium; color: #514f4b;\">Le secret\u00a0?<\/span><\/p>\n<p><span style=\"font-family: Montserrat; font-weight: normal; font-size: medium; color: #514f4b;\">Rien de bien sorcier.<\/span><\/p>\n<p><span style=\"font-family: Montserrat; font-weight: normal; font-size: medium; color: #514f4b;\"><strong>Une m\u00e9thode pas-\u00e0-pas et agr\u00e9able \u00e0 suivre qui te donne des r\u00e9sultats concrets :<\/strong><\/span><\/p>\n<p><span style=\"font-family: Montserrat; font-weight: normal; font-size: medium; color: #514f4b;\">\u00a0Tu apprends <strong>avec des morceaux pour progresser dans le plaisir<\/strong>. La guitare n\u2019est pas une corv\u00e9e, c\u2019est du fun ! La technique doit \u00eatre au service de la musique, jamais le contraire !\u00a0<\/span><\/p>\n<p><span style=\"font-family: Montserrat; font-weight: normal; font-size: medium; color: #514f4b;\">Laisse-toi guider ! Chaque \u00e9tape est d\u00e9compos\u00e9e pour toi. <strong>Tu constates tes progr\u00e8s \u00e0 chaque le\u00e7on.<\/strong> Tu ma\u00eetrises au minimum un nouveau morceau par semaine. Plus de perte de temps inutile.<\/span><\/p>\n<p><span style=\"font-family: Montserrat; font-weight: normal; font-size: medium; color: #514f4b;\">\u00a0<strong>Tu es accompagn\u00e9 \u00e0 tout moment\u00a0!<\/strong> Tu peux nous envoyer tes questions et m\u00eame tes vid\u00e9os, on te r\u00e9pond en 48h max.<\/span><\/p>\n<p><span style=\"font-family: Montserrat; font-weight: normal; font-size: medium; color: #514f4b;\">\u00a0Notre m\u00e9thode a d\u00e9j\u00e0 fonctionn\u00e9 sur des centaines d\u2019\u00e9l\u00e8ves. On a totalement confiance en son efficacit\u00e9. C\u2019est pour \u00e7a qu\u2019on te propose pendant 30 jours un remboursement int\u00e9gral et sans condition si tu n\u2019es pas compl\u00e8tement satisfait. Parce qu\u2019on sait que tu le seras\u00a0!<\/span><\/p>\n<p><span style=\"font-family: Montserrat; font-weight: normal; font-size: medium; color: #514f4b;\">\u00a0<\/span><\/p>\n<p><span style=\"font-family: Montserrat; font-weight: normal; font-size: medium; color: #514f4b;\">Pr\u00eat \u00e0 jouer ton premier morceau avant la fin de la journ\u00e9e\u00a0?<\/span><\/p>\n<p><span style=\"font-family: Montserrat; font-weight: normal; font-size: medium; color: #514f4b;\"><a href=\"https:\/\/la-guitare-en-2semaines.learnybox.com\/presentation-acm-4\" style=\"color: #514f4b;\">C\u2019est ici\u00a0que \u00e7a se passe !<\/a><\/span><\/p>\n<p><span style=\"font-family: Montserrat; font-weight: normal; font-size: medium; color: #514f4b;\">Va chercher ta gratte et on se retrouve dans 2 minutes pour ta premi\u00e8re le\u00e7on\u00a0!<\/span><\/p>\n<p><span style=\"font-family: Montserrat; font-weight: normal; font-size: medium; color: #514f4b;\">\u00a0<\/span><\/p>\n<p><span style=\"font-family: Montserrat; font-weight: normal; font-size: medium; color: #514f4b;\">\u00c0 tout de suite !<\/span><\/p>\n<p>[\/et_pb_text][\/et_pb_column][\/et_pb_row][et_pb_row _builder_version=\u00a0\u00bb4.16&Prime; _module_preset=\u00a0\u00bbdefault\u00a0\u00bb locked=\u00a0\u00bboff\u00a0\u00bb global_colors_info=\u00a0\u00bb{}\u00a0\u00bb][et_pb_column type=\u00a0\u00bb4_4&Prime; _builder_version=\u00a0\u00bb4.16&Prime; _module_preset=\u00a0\u00bbdefault\u00a0\u00bb global_colors_info=\u00a0\u00bb{}\u00a0\u00bb][et_pb_button button_url=\u00a0\u00bbhttps:\/\/cedric-jacquot.com\/index.php\/portfolio\/\u00a0\u00bb button_text=\u00a0\u00bbPORTFOLIO\u00a0\u00bb button_alignment=\u00a0\u00bbcenter\u00a0\u00bb _builder_version=\u00a0\u00bb4.16&Prime; custom_button=\u00a0\u00bbon\u00a0\u00bb button_text_size=\u00a0\u00bb16px\u00a0\u00bb button_text_color=\u00a0\u00bb#FFFFFF\u00a0\u00bb button_bg_color=\u00a0\u00bb#0C71C3&Prime; button_border_width=\u00a0\u00bb0px\u00a0\u00bb button_letter_spacing=\u00a0\u00bb2px\u00a0\u00bb button_font=\u00a0\u00bbMontserrat|600||on|||||\u00a0\u00bb custom_margin=\u00a0\u00bb37px||16px|||\u00a0\u00bb custom_margin_tablet=\u00a0\u00bb37px||16px|||\u00a0\u00bb custom_margin_phone=\u00a0\u00bb-12px||-78px||false|false\u00a0\u00bb custom_margin_last_edited=\u00a0\u00bbon|phone\u00a0\u00bb custom_padding=\u00a0\u00bb12px||12px|\u00a0\u00bb animation_style=\u00a0\u00bbfade\u00a0\u00bb button_letter_spacing_hover=\u00a0\u00bb2px\u00a0\u00bb global_colors_info=\u00a0\u00bb{}\u00a0\u00bb button_text_size__hover_enabled=\u00a0\u00bboff\u00a0\u00bb button_one_text_size__hover_enabled=\u00a0\u00bboff\u00a0\u00bb button_two_text_size__hover_enabled=\u00a0\u00bboff\u00a0\u00bb button_text_color__hover_enabled=\u00a0\u00bboff\u00a0\u00bb button_one_text_color__hover_enabled=\u00a0\u00bboff\u00a0\u00bb button_two_text_color__hover_enabled=\u00a0\u00bboff\u00a0\u00bb button_border_width__hover_enabled=\u00a0\u00bboff\u00a0\u00bb button_one_border_width__hover_enabled=\u00a0\u00bboff\u00a0\u00bb button_two_border_width__hover_enabled=\u00a0\u00bboff\u00a0\u00bb button_border_color__hover_enabled=\u00a0\u00bboff\u00a0\u00bb button_one_border_color__hover_enabled=\u00a0\u00bboff\u00a0\u00bb button_two_border_color__hover_enabled=\u00a0\u00bboff\u00a0\u00bb button_border_radius__hover_enabled=\u00a0\u00bboff\u00a0\u00bb button_one_border_radius__hover_enabled=\u00a0\u00bboff\u00a0\u00bb button_two_border_radius__hover_enabled=\u00a0\u00bboff\u00a0\u00bb button_letter_spacing__hover_enabled=\u00a0\u00bbon\u00a0\u00bb button_letter_spacing__hover=\u00a0\u00bb2px\u00a0\u00bb button_one_letter_spacing__hover_enabled=\u00a0\u00bboff\u00a0\u00bb button_two_letter_spacing__hover_enabled=\u00a0\u00bboff\u00a0\u00bb button_bg_color__hover_enabled=\u00a0\u00bboff\u00a0\u00bb button_one_bg_color__hover_enabled=\u00a0\u00bboff\u00a0\u00bb button_two_bg_color__hover_enabled=\u00a0\u00bboff\u00a0\u00bb][\/et_pb_button][\/et_pb_column][\/et_pb_row][\/et_pb_section]<\/p>\n","protected":false},"excerpt":{"rendered":"<p>Email copywrit\u00e9 \u00ab\u00a0formation en ligne\u00a0\u00bb pour le site \u00ab\u00a0La guitare en 2 semaines\u00a0\u00bb(OBJET) Ma\u00eetrise parfaitement 8 morceaux d\u2019ici No\u00ebl ! \u00a0 (CORPS) Imagine\u00a0: \u00a0Si \u00e0 No\u00ebl tu pouvais d\u00e9j\u00e0 jouer \u00e0 la perfection plusieurs morceaux devant tes proches. Tu souris devant leur surprise\u00a0: tu n\u2019avais clairement pas ce niveau-l\u00e0 il y a quelques semaines. Tu [&hellip;]<\/p>\n","protected":false},"author":1,"featured_media":0,"parent":0,"menu_order":0,"comment_status":"closed","ping_status":"closed","template":"","meta":{"_et_pb_use_builder":"on","_et_pb_old_content":"","_et_gb_content_width":"","footnotes":""},"class_list":["post-349","page","type-page","status-publish","hentry"],"yoast_head":"<!-- This site is optimized with the Yoast SEO plugin v24.9 - https:\/\/yoast.com\/wordpress\/plugins\/seo\/ -->\n<title>Email G2S - cedric-jacquot.com<\/title>\n<meta name=\"robots\" content=\"index, follow, max-snippet:-1, max-image-preview:large, max-video-preview:-1\" \/>\n<link rel=\"canonical\" href=\"https:\/\/cedric-jacquot.com\/index.php\/email-g2s\/\" \/>\n<meta property=\"og:locale\" content=\"fr_FR\" \/>\n<meta property=\"og:type\" content=\"article\" \/>\n<meta property=\"og:title\" content=\"Email G2S - cedric-jacquot.com\" \/>\n<meta property=\"og:description\" content=\"Email copywrit\u00e9 &quot;formation en ligne&quot; pour le site &quot;La guitare en 2 semaines&quot;(OBJET) Ma\u00eetrise parfaitement 8 morceaux d\u2019ici No\u00ebl ! \u00a0 (CORPS) Imagine\u00a0: \u00a0Si \u00e0 No\u00ebl tu pouvais d\u00e9j\u00e0 jouer \u00e0 la perfection plusieurs morceaux devant tes proches. Tu souris devant leur surprise\u00a0: tu n\u2019avais clairement pas ce niveau-l\u00e0 il y a quelques semaines. Tu [&hellip;]\" \/>\n<meta property=\"og:url\" content=\"https:\/\/cedric-jacquot.com\/index.php\/email-g2s\/\" \/>\n<meta property=\"og:site_name\" content=\"cedric-jacquot.com\" \/>\n<meta property=\"article:modified_time\" content=\"2022-09-30T10:39:01+00:00\" \/>\n<meta name=\"twitter:card\" content=\"summary_large_image\" \/>\n<meta name=\"twitter:label1\" content=\"Dur\u00e9e de lecture estim\u00e9e\" \/>\n\t<meta name=\"twitter:data1\" content=\"5 minutes\" \/>\n<script type=\"application\/ld+json\" class=\"yoast-schema-graph\">{\"@context\":\"https:\/\/schema.org\",\"@graph\":[{\"@type\":\"WebPage\",\"@id\":\"https:\/\/cedric-jacquot.com\/index.php\/email-g2s\/\",\"url\":\"https:\/\/cedric-jacquot.com\/index.php\/email-g2s\/\",\"name\":\"Email G2S - cedric-jacquot.com\",\"isPartOf\":{\"@id\":\"https:\/\/cedric-jacquot.com\/#website\"},\"datePublished\":\"2022-01-10T13:51:53+00:00\",\"dateModified\":\"2022-09-30T10:39:01+00:00\",\"breadcrumb\":{\"@id\":\"https:\/\/cedric-jacquot.com\/index.php\/email-g2s\/#breadcrumb\"},\"inLanguage\":\"fr-FR\",\"potentialAction\":[{\"@type\":\"ReadAction\",\"target\":[\"https:\/\/cedric-jacquot.com\/index.php\/email-g2s\/\"]}]},{\"@type\":\"BreadcrumbList\",\"@id\":\"https:\/\/cedric-jacquot.com\/index.php\/email-g2s\/#breadcrumb\",\"itemListElement\":[{\"@type\":\"ListItem\",\"position\":1,\"name\":\"Accueil\",\"item\":\"https:\/\/cedric-jacquot.com\/\"},{\"@type\":\"ListItem\",\"position\":2,\"name\":\"Email G2S\"}]},{\"@type\":\"WebSite\",\"@id\":\"https:\/\/cedric-jacquot.com\/#website\",\"url\":\"https:\/\/cedric-jacquot.com\/\",\"name\":\"cedric-jacquot.com\",\"description\":\"R\u00e9dacteur Web SEO\",\"potentialAction\":[{\"@type\":\"SearchAction\",\"target\":{\"@type\":\"EntryPoint\",\"urlTemplate\":\"https:\/\/cedric-jacquot.com\/?s={search_term_string}\"},\"query-input\":{\"@type\":\"PropertyValueSpecification\",\"valueRequired\":true,\"valueName\":\"search_term_string\"}}],\"inLanguage\":\"fr-FR\"}]}<\/script>\n<!-- \/ Yoast SEO plugin. -->","yoast_head_json":{"title":"Email G2S - cedric-jacquot.com","robots":{"index":"index","follow":"follow","max-snippet":"max-snippet:-1","max-image-preview":"max-image-preview:large","max-video-preview":"max-video-preview:-1"},"canonical":"https:\/\/cedric-jacquot.com\/index.php\/email-g2s\/","og_locale":"fr_FR","og_type":"article","og_title":"Email G2S - cedric-jacquot.com","og_description":"Email copywrit\u00e9 \"formation en ligne\" pour le site \"La guitare en 2 semaines\"(OBJET) Ma\u00eetrise parfaitement 8 morceaux d\u2019ici No\u00ebl ! \u00a0 (CORPS) Imagine\u00a0: \u00a0Si \u00e0 No\u00ebl tu pouvais d\u00e9j\u00e0 jouer \u00e0 la perfection plusieurs morceaux devant tes proches. Tu souris devant leur surprise\u00a0: tu n\u2019avais clairement pas ce niveau-l\u00e0 il y a quelques semaines. Tu [&hellip;]","og_url":"https:\/\/cedric-jacquot.com\/index.php\/email-g2s\/","og_site_name":"cedric-jacquot.com","article_modified_time":"2022-09-30T10:39:01+00:00","twitter_card":"summary_large_image","twitter_misc":{"Dur\u00e9e de lecture estim\u00e9e":"5 minutes"},"schema":{"@context":"https:\/\/schema.org","@graph":[{"@type":"WebPage","@id":"https:\/\/cedric-jacquot.com\/index.php\/email-g2s\/","url":"https:\/\/cedric-jacquot.com\/index.php\/email-g2s\/","name":"Email G2S - cedric-jacquot.com","isPartOf":{"@id":"https:\/\/cedric-jacquot.com\/#website"},"datePublished":"2022-01-10T13:51:53+00:00","dateModified":"2022-09-30T10:39:01+00:00","breadcrumb":{"@id":"https:\/\/cedric-jacquot.com\/index.php\/email-g2s\/#breadcrumb"},"inLanguage":"fr-FR","potentialAction":[{"@type":"ReadAction","target":["https:\/\/cedric-jacquot.com\/index.php\/email-g2s\/"]}]},{"@type":"BreadcrumbList","@id":"https:\/\/cedric-jacquot.com\/index.php\/email-g2s\/#breadcrumb","itemListElement":[{"@type":"ListItem","position":1,"name":"Accueil","item":"https:\/\/cedric-jacquot.com\/"},{"@type":"ListItem","position":2,"name":"Email G2S"}]},{"@type":"WebSite","@id":"https:\/\/cedric-jacquot.com\/#website","url":"https:\/\/cedric-jacquot.com\/","name":"cedric-jacquot.com","description":"R\u00e9dacteur Web SEO","potentialAction":[{"@type":"SearchAction","target":{"@type":"EntryPoint","urlTemplate":"https:\/\/cedric-jacquot.com\/?s={search_term_string}"},"query-input":{"@type":"PropertyValueSpecification","valueRequired":true,"valueName":"search_term_string"}}],"inLanguage":"fr-FR"}]}},"_links":{"self":[{"href":"https:\/\/cedric-jacquot.com\/index.php\/wp-json\/wp\/v2\/pages\/349","targetHints":{"allow":["GET"]}}],"collection":[{"href":"https:\/\/cedric-jacquot.com\/index.php\/wp-json\/wp\/v2\/pages"}],"about":[{"href":"https:\/\/cedric-jacquot.com\/index.php\/wp-json\/wp\/v2\/types\/page"}],"author":[{"embeddable":true,"href":"https:\/\/cedric-jacquot.com\/index.php\/wp-json\/wp\/v2\/users\/1"}],"replies":[{"embeddable":true,"href":"https:\/\/cedric-jacquot.com\/index.php\/wp-json\/wp\/v2\/comments?post=349"}],"version-history":[{"count":10,"href":"https:\/\/cedric-jacquot.com\/index.php\/wp-json\/wp\/v2\/pages\/349\/revisions"}],"predecessor-version":[{"id":891,"href":"https:\/\/cedric-jacquot.com\/index.php\/wp-json\/wp\/v2\/pages\/349\/revisions\/891"}],"wp:attachment":[{"href":"https:\/\/cedric-jacquot.com\/index.php\/wp-json\/wp\/v2\/media?parent=349"}],"curies":[{"name":"wp","href":"https:\/\/api.w.org\/{rel}","templated":true}]}}